{"id":7741,"date":"2021-10-21T07:55:44","date_gmt":"2021-10-21T07:55:44","guid":{"rendered":"https:\/\/frontonking.com\/carrito"},"modified":"2025-10-21T15:14:42","modified_gmt":"2025-10-21T14:14:42","slug":"carrito","status":"publish","type":"page","link":"https:\/\/frontonking.com\/en\/carrito\/","title":{"rendered":"Carrito"},"content":{"rendered":"<div data-elementor-type=\"wp-page\" data-elementor-id=\"7741\" class=\"elementor elementor-7741\" data-elementor-post-type=\"page\">\n\t\t\t\t\t\t<section class=\"elementor-section elementor-top-section elementor-element elementor-element-80b59b5 elementor-section-stretched elementor-section-boxed elementor-section-height-default elementor-section-height-default\" data-id=\"80b59b5\" data-element_type=\"section\" data-e-type=\"section\" data-settings=\"{&quot;stretch_section&quot;:&quot;section-stretched&quot;}\">\n\t\t\t\t\t\t<div class=\"elementor-container elementor-column-gap-default\">\n\t\t\t\t\t<div class=\"elementor-column elementor-col-100 elementor-top-column elementor-element elementor-element-debde87\" data-id=\"debde87\" data-element_type=\"column\" data-e-type=\"column\">\n\t\t\t<div class=\"elementor-widget-wrap elementor-element-populated\">\n\t\t\t\t\t\t<div class=\"elementor-element elementor-element-6f4cf55 elementor-widget elementor-widget-heading\" data-id=\"6f4cf55\" data-element_type=\"widget\" data-e-type=\"widget\" data-widget_type=\"heading.default\">\n\t\t\t\t<div class=\"elementor-widget-container\">\n\t\t\t\t\t<h1 class=\"elementor-heading-title elementor-size-default\">Carrito<\/h1>\t\t\t\t<\/div>\n\t\t\t\t<\/div>\n\t\t\t\t\t<\/div>\n\t\t<\/div>\n\t\t\t\t\t<\/div>\n\t\t<\/section>\n\t\t\t\t<section class=\"elementor-section elementor-top-section elementor-element elementor-element-b5649c3 elementor-section-stretched elementor-section-boxed elementor-section-height-default elementor-section-height-default\" data-id=\"b5649c3\" data-element_type=\"section\" data-e-type=\"section\" data-settings=\"{&quot;stretch_section&quot;:&quot;section-stretched&quot;}\">\n\t\t\t\t\t\t<div class=\"elementor-container elementor-column-gap-default\">\n\t\t\t\t\t<div class=\"elementor-column elementor-col-100 elementor-top-column elementor-element elementor-element-5eb4e07\" data-id=\"5eb4e07\" data-element_type=\"column\" data-e-type=\"column\">\n\t\t\t<div class=\"elementor-widget-wrap\">\n\t\t\t\t\t\t\t<\/div>\n\t\t<\/div>\n\t\t\t\t\t<\/div>\n\t\t<\/section>\n\t\t\t\t<section class=\"elementor-section elementor-top-section elementor-element elementor-element-0e2745e elementor-section-boxed elementor-section-height-default elementor-section-height-default\" data-id=\"0e2745e\" data-element_type=\"section\" data-e-type=\"section\">\n\t\t\t\t\t\t<div class=\"elementor-container elementor-column-gap-default\">\n\t\t\t\t\t<div class=\"elementor-column elementor-col-100 elementor-top-column elementor-element elementor-element-2ee0a8d\" data-id=\"2ee0a8d\" data-element_type=\"column\" data-e-type=\"column\">\n\t\t\t<div class=\"elementor-widget-wrap elementor-element-populated\">\n\t\t\t\t\t\t<div class=\"elementor-element elementor-element-76b444a elementor-widget elementor-widget-eael-woo-cart\" data-id=\"76b444a\" data-element_type=\"widget\" data-e-type=\"widget\" data-settings=\"{&quot;eael_woo_cart_components_continue_shopping_icon&quot;:{&quot;value&quot;:&quot;fas fa-chevron-left&quot;,&quot;library&quot;:&quot;fa-solid&quot;}}\" data-widget_type=\"eael-woo-cart.default\">\n\t\t\t\t<div class=\"elementor-widget-container\">\n\t\t\t\t\t\t\t\t\t<div class=\"eael-woo-cart-wrapper eael-woo-cart-empty eael-woo-default eael-auto-update33\">\n\t\t\t\t<div class=\"woocommerce-notices-wrapper\"><\/div><div class=\"wc-empty-cart-message\">\n\t<div class=\"cart-empty woocommerce-info\" role=\"status\">\n\t\tEn este momento tu carrito est\u00e1 vac\u00edo.\t<\/div>\n<\/div>\t<p class=\"return-to-shop\">\n\t\t<a class=\"button wc-backward\" href=\"https:\/\/frontonking.com\/en\/shop\/\">\n\t\t\tReturn to shop\t\t<\/a>\n\t<\/p>\n                <\/div>\n\t\t\t\t        <script>document.body.classList.add(\"eael-woo-cart\");<\/script>\n\t\t\t\t\t\t<\/div>\n\t\t\t\t<\/div>\n\t\t\t\t\t<\/div>\n\t\t<\/div>\n\t\t\t\t\t<\/div>\n\t\t<\/section>\n\t\t\t\t<\/div>","protected":false},"excerpt":{"rendered":"<p>Carrito Producto Precio Cantidad Total FK VINTAGE CAP &#8211; Vintage red, ONESIZE Color: Vintage red 29.00&euro; FK VINTAGE CAP &#8211; Vintage red, ONESIZE cantidad 29.00&euro; Cup\u00f3n: Aplicar cup\u00f3n Seguir comprando Actualizar carrito Subtotal 29.00&euro; Env\u00edo Env\u00edo ordinario: 5.00&euro; Enviar a Calle Secretario Padilla 168, 35010 Las Palmas, Las Palmas. Cambiar direcci\u00f3n Pa\u00eds \/ Regi\u00f3n Selecciona [&hellip;]<\/p>\n","protected":false},"author":1,"featured_media":0,"parent":0,"menu_order":0,"comment_status":"closed","ping_status":"closed","template":"elementor_header_footer","meta":{"footnotes":""},"class_list":["post-7741","page","type-page","status-publish","hentry"],"yoast_head":"<!-- This site is optimized with the Yoast SEO plugin v27.5 - https:\/\/yoast.com\/product\/yoast-seo-wordpress\/ -->\n<title>Carrito - Gran Canaria Fronton King<\/title>\n<meta name=\"robots\" content=\"index, follow, max-snippet:-1, max-image-preview:large, max-video-preview:-1\" \/>\n<link rel=\"canonical\" href=\"https:\/\/frontonking.com\/en\/carrito\/\" \/>\n<meta property=\"og:locale\" content=\"en_GB\" \/>\n<meta property=\"og:type\" content=\"article\" \/>\n<meta property=\"og:title\" content=\"Carrito - Gran Canaria Fronton King\" \/>\n<meta property=\"og:description\" content=\"Carrito Producto Precio Cantidad Total FK VINTAGE CAP &#8211; Vintage red, ONESIZE Color: Vintage red 29.00&euro; FK VINTAGE CAP &#8211; Vintage red, ONESIZE cantidad 29.00&euro; Cup\u00f3n: Aplicar cup\u00f3n Seguir comprando Actualizar carrito Subtotal 29.00&euro; Env\u00edo Env\u00edo ordinario: 5.00&euro; Enviar a Calle Secretario Padilla 168, 35010 Las Palmas, Las Palmas. Cambiar direcci\u00f3n Pa\u00eds \/ Regi\u00f3n Selecciona [&hellip;]\" \/>\n<meta property=\"og:url\" content=\"https:\/\/frontonking.com\/en\/carrito\/\" \/>\n<meta property=\"og:site_name\" content=\"Gran Canaria Fronton King\" \/>\n<meta property=\"article:modified_time\" content=\"2025-10-21T14:14:42+00:00\" \/>\n<meta property=\"og:image\" content=\"https:\/\/frontonking.com\/wp-content\/uploads\/2025\/10\/vintage_red-front-300x300.png\" \/>\n<meta name=\"twitter:card\" content=\"summary_large_image\" \/>\n<meta name=\"twitter:label1\" content=\"Estimated reading time\" \/>\n\t<meta name=\"twitter:data1\" content=\"3 minutes\" \/>\n<script type=\"application\/ld+json\" class=\"yoast-schema-graph\">{\"@context\":\"https:\\\/\\\/schema.org\",\"@graph\":[{\"@type\":\"WebPage\",\"@id\":\"https:\\\/\\\/frontonking.com\\\/carrito\\\/\",\"url\":\"https:\\\/\\\/frontonking.com\\\/carrito\\\/\",\"name\":\"Carrito - Gran Canaria Fronton King\",\"isPartOf\":{\"@id\":\"https:\\\/\\\/frontonking.com\\\/#website\"},\"primaryImageOfPage\":{\"@id\":\"https:\\\/\\\/frontonking.com\\\/carrito\\\/#primaryimage\"},\"image\":{\"@id\":\"https:\\\/\\\/frontonking.com\\\/carrito\\\/#primaryimage\"},\"thumbnailUrl\":\"https:\\\/\\\/frontonking.com\\\/wp-content\\\/uploads\\\/2025\\\/10\\\/vintage_red-front-300x300.png\",\"datePublished\":\"2021-10-21T07:55:44+00:00\",\"dateModified\":\"2025-10-21T14:14:42+00:00\",\"breadcrumb\":{\"@id\":\"https:\\\/\\\/frontonking.com\\\/carrito\\\/#breadcrumb\"},\"inLanguage\":\"en-GB\",\"potentialAction\":[{\"@type\":\"ReadAction\",\"target\":[\"https:\\\/\\\/frontonking.com\\\/carrito\\\/\"]}]},{\"@type\":\"ImageObject\",\"inLanguage\":\"en-GB\",\"@id\":\"https:\\\/\\\/frontonking.com\\\/carrito\\\/#primaryimage\",\"url\":\"https:\\\/\\\/frontonking.com\\\/wp-content\\\/uploads\\\/2025\\\/10\\\/vintage_red-front-300x300.png\",\"contentUrl\":\"https:\\\/\\\/frontonking.com\\\/wp-content\\\/uploads\\\/2025\\\/10\\\/vintage_red-front-300x300.png\"},{\"@type\":\"BreadcrumbList\",\"@id\":\"https:\\\/\\\/frontonking.com\\\/carrito\\\/#breadcrumb\",\"itemListElement\":[{\"@type\":\"ListItem\",\"position\":1,\"name\":\"Portada\",\"item\":\"https:\\\/\\\/frontonking.com\\\/\"},{\"@type\":\"ListItem\",\"position\":2,\"name\":\"Carrito\"}]},{\"@type\":\"WebSite\",\"@id\":\"https:\\\/\\\/frontonking.com\\\/#website\",\"url\":\"https:\\\/\\\/frontonking.com\\\/\",\"name\":\"Gran Canaria Fronton King\",\"description\":\"The Gran Canaria Fronton King Pro is the best bodyboarding competition in the world\",\"publisher\":{\"@id\":\"https:\\\/\\\/frontonking.com\\\/#organization\"},\"potentialAction\":[{\"@type\":\"SearchAction\",\"target\":{\"@type\":\"EntryPoint\",\"urlTemplate\":\"https:\\\/\\\/frontonking.com\\\/?s={search_term_string}\"},\"query-input\":{\"@type\":\"PropertyValueSpecification\",\"valueRequired\":true,\"valueName\":\"search_term_string\"}}],\"inLanguage\":\"en-GB\"},{\"@type\":\"Organization\",\"@id\":\"https:\\\/\\\/frontonking.com\\\/#organization\",\"name\":\"Gran Canaria Fronton King\",\"url\":\"https:\\\/\\\/frontonking.com\\\/\",\"logo\":{\"@type\":\"ImageObject\",\"inLanguage\":\"en-GB\",\"@id\":\"https:\\\/\\\/frontonking.com\\\/#\\\/schema\\\/logo\\\/image\\\/\",\"url\":\"https:\\\/\\\/frontonking.com\\\/wp-content\\\/uploads\\\/2025\\\/08\\\/cropped-LOGO25_300px.png\",\"contentUrl\":\"https:\\\/\\\/frontonking.com\\\/wp-content\\\/uploads\\\/2025\\\/08\\\/cropped-LOGO25_300px.png\",\"width\":300,\"height\":227,\"caption\":\"Gran Canaria Fronton King\"},\"image\":{\"@id\":\"https:\\\/\\\/frontonking.com\\\/#\\\/schema\\\/logo\\\/image\\\/\"}}]}<\/script>\n<!-- \/ Yoast SEO plugin. -->","yoast_head_json":{"title":"Carrito - Gran Canaria Fronton King","robots":{"index":"index","follow":"follow","max-snippet":"max-snippet:-1","max-image-preview":"max-image-preview:large","max-video-preview":"max-video-preview:-1"},"canonical":"https:\/\/frontonking.com\/en\/carrito\/","og_locale":"en_GB","og_type":"article","og_title":"Carrito - Gran Canaria Fronton King","og_description":"Carrito Producto Precio Cantidad Total FK VINTAGE CAP &#8211; Vintage red, ONESIZE Color: Vintage red 29.00&euro; FK VINTAGE CAP &#8211; Vintage red, ONESIZE cantidad 29.00&euro; Cup\u00f3n: Aplicar cup\u00f3n Seguir comprando Actualizar carrito Subtotal 29.00&euro; Env\u00edo Env\u00edo ordinario: 5.00&euro; Enviar a Calle Secretario Padilla 168, 35010 Las Palmas, Las Palmas. Cambiar direcci\u00f3n Pa\u00eds \/ Regi\u00f3n Selecciona [&hellip;]","og_url":"https:\/\/frontonking.com\/en\/carrito\/","og_site_name":"Gran Canaria Fronton King","article_modified_time":"2025-10-21T14:14:42+00:00","og_image":[{"url":"https:\/\/frontonking.com\/wp-content\/uploads\/2025\/10\/vintage_red-front-300x300.png","type":"","width":"","height":""}],"twitter_card":"summary_large_image","twitter_misc":{"Estimated reading time":"3 minutes"},"schema":{"@context":"https:\/\/schema.org","@graph":[{"@type":"WebPage","@id":"https:\/\/frontonking.com\/carrito\/","url":"https:\/\/frontonking.com\/carrito\/","name":"Carrito - Gran Canaria Fronton King","isPartOf":{"@id":"https:\/\/frontonking.com\/#website"},"primaryImageOfPage":{"@id":"https:\/\/frontonking.com\/carrito\/#primaryimage"},"image":{"@id":"https:\/\/frontonking.com\/carrito\/#primaryimage"},"thumbnailUrl":"https:\/\/frontonking.com\/wp-content\/uploads\/2025\/10\/vintage_red-front-300x300.png","datePublished":"2021-10-21T07:55:44+00:00","dateModified":"2025-10-21T14:14:42+00:00","breadcrumb":{"@id":"https:\/\/frontonking.com\/carrito\/#breadcrumb"},"inLanguage":"en-GB","potentialAction":[{"@type":"ReadAction","target":["https:\/\/frontonking.com\/carrito\/"]}]},{"@type":"ImageObject","inLanguage":"en-GB","@id":"https:\/\/frontonking.com\/carrito\/#primaryimage","url":"https:\/\/frontonking.com\/wp-content\/uploads\/2025\/10\/vintage_red-front-300x300.png","contentUrl":"https:\/\/frontonking.com\/wp-content\/uploads\/2025\/10\/vintage_red-front-300x300.png"},{"@type":"BreadcrumbList","@id":"https:\/\/frontonking.com\/carrito\/#breadcrumb","itemListElement":[{"@type":"ListItem","position":1,"name":"Portada","item":"https:\/\/frontonking.com\/"},{"@type":"ListItem","position":2,"name":"Carrito"}]},{"@type":"WebSite","@id":"https:\/\/frontonking.com\/#website","url":"https:\/\/frontonking.com\/","name":"Gran Canaria Fronton King","description":"The Gran Canaria Fronton King Pro is the best bodyboarding competition in the world","publisher":{"@id":"https:\/\/frontonking.com\/#organization"},"potentialAction":[{"@type":"SearchAction","target":{"@type":"EntryPoint","urlTemplate":"https:\/\/frontonking.com\/?s={search_term_string}"},"query-input":{"@type":"PropertyValueSpecification","valueRequired":true,"valueName":"search_term_string"}}],"inLanguage":"en-GB"},{"@type":"Organization","@id":"https:\/\/frontonking.com\/#organization","name":"Gran Canaria Fronton King","url":"https:\/\/frontonking.com\/","logo":{"@type":"ImageObject","inLanguage":"en-GB","@id":"https:\/\/frontonking.com\/#\/schema\/logo\/image\/","url":"https:\/\/frontonking.com\/wp-content\/uploads\/2025\/08\/cropped-LOGO25_300px.png","contentUrl":"https:\/\/frontonking.com\/wp-content\/uploads\/2025\/08\/cropped-LOGO25_300px.png","width":300,"height":227,"caption":"Gran Canaria Fronton King"},"image":{"@id":"https:\/\/frontonking.com\/#\/schema\/logo\/image\/"}}]}},"_links":{"self":[{"href":"https:\/\/frontonking.com\/en\/wp-json\/wp\/v2\/pages\/7741","targetHints":{"allow":["GET"]}}],"collection":[{"href":"https:\/\/frontonking.com\/en\/wp-json\/wp\/v2\/pages"}],"about":[{"href":"https:\/\/frontonking.com\/en\/wp-json\/wp\/v2\/types\/page"}],"author":[{"embeddable":true,"href":"https:\/\/frontonking.com\/en\/wp-json\/wp\/v2\/users\/1"}],"replies":[{"embeddable":true,"href":"https:\/\/frontonking.com\/en\/wp-json\/wp\/v2\/comments?post=7741"}],"version-history":[{"count":37,"href":"https:\/\/frontonking.com\/en\/wp-json\/wp\/v2\/pages\/7741\/revisions"}],"predecessor-version":[{"id":10284,"href":"https:\/\/frontonking.com\/en\/wp-json\/wp\/v2\/pages\/7741\/revisions\/10284"}],"wp:attachment":[{"href":"https:\/\/frontonking.com\/en\/wp-json\/wp\/v2\/media?parent=7741"}],"curies":[{"name":"wp","href":"https:\/\/api.w.org\/{rel}","templated":true}]}}