{"id":10217,"date":"2025-10-21T13:51:24","date_gmt":"2025-10-21T12:51:24","guid":{"rendered":"https:\/\/frontonking.com\/?post_type=product&#038;p=10217"},"modified":"2025-10-21T17:42:03","modified_gmt":"2025-10-21T16:42:03","slug":"camiseta-oversize-mujer-fronton-king-algodon-organico","status":"publish","type":"product","link":"https:\/\/frontonking.com\/en\/product\/camiseta-oversize-mujer-fronton-king-algodon-organico\/","title":{"rendered":"FK SUNSET WOMEN OVERSIZE"},"content":{"rendered":"<p data-start=\"487\" data-end=\"777\">La <strong data-start=\"490\" data-end=\"540\">Women\u2019s Oversized Tee Front\u00f3n King \u2013 Off White<\/strong> fusiona confort, estilo y sostenibilidad en una prenda esencial del guardarropa moderno.<br data-start=\"629\" data-end=\"632\" \/>Su <strong data-start=\"635\" data-end=\"658\">corte boxy oversize<\/strong> y los <strong data-start=\"665\" data-end=\"683\">hombros ca\u00eddos<\/strong> aportan una silueta relajada y contempor\u00e1nea, ideal para un look urbano con esp\u00edritu libre.<\/p>\n<p data-start=\"779\" data-end=\"1033\">Fabricada en <strong data-start=\"792\" data-end=\"831\">100% algod\u00f3n org\u00e1nico de peso medio<\/strong>, ofrece una textura suave, natural y resistente.<br data-start=\"880\" data-end=\"883\" \/>The <strong data-start=\"886\" data-end=\"912\">cuello acanalado ancho<\/strong>, el <strong data-start=\"917\" data-end=\"940\">dobladillo alargado<\/strong> y las <strong data-start=\"947\" data-end=\"977\">costuras dobles reforzadas<\/strong> en mangas y bajo garantizan estructura y durabilidad.<\/p>\n<p data-start=\"1035\" data-end=\"1359\">Cada detalle \u2014desde las <strong data-start=\"1059\" data-end=\"1093\">costuras interiores reforzadas<\/strong> hasta el <strong data-start=\"1103\" data-end=\"1133\">acabado premium del tejido<\/strong>\u2014 refleja el compromiso del <strong data-start=\"1161\" data-end=\"1177\">Front\u00f3n King<\/strong> con la calidad y la autenticidad.<br data-start=\"1211\" data-end=\"1214\" \/>Una prenda vers\u00e1til que combina perfectamente con jeans, shorts o faldas, y transmite el equilibrio entre moda, sostenibilidad y libertad. \ud83c\udf3a\ud83c\udf0a<\/p>","protected":false},"excerpt":{"rendered":"<p>Camiseta Oversized Front\u00f3n King para mujer, 100% algod\u00f3n org\u00e1nico. Corte amplio y moderno con hombros ca\u00eddos y cuello grueso. Comodidad, estilo y actitud con esencia oce\u00e1nica. \ud83c\udf0a\ud83d\udc51<\/p>","protected":false},"featured_media":10258,"template":"","meta":[],"product_brand":[],"product_cat":[210],"product_tag":[],"class_list":{"0":"post-10217","1":"product","2":"type-product","3":"status-publish","4":"has-post-thumbnail","6":"product_cat-camisetas","8":"first","9":"instock","10":"taxable","11":"shipping-taxable","12":"purchasable","13":"product-type-variable"},"yoast_head":"<!-- This site is optimized with the Yoast SEO plugin v27.3 - https:\/\/yoast.com\/product\/yoast-seo-wordpress\/ -->\n<title>FK SUNSET WOMEN OVERSIZE - Gran Canaria Fronton King<\/title>\n<meta name=\"description\" content=\"Camiseta oversize mujer Front\u00f3n King 100% algod\u00f3n org\u00e1nico. Corte moderno, textura premium y estilo relajado. \u00a1Aut\u00e9ntica comodidad con esp\u00edritu oce\u00e1nico!\" \/>\n<meta name=\"robots\" content=\"index, follow, max-snippet:-1, max-image-preview:large, max-video-preview:-1\" \/>\n<link rel=\"canonical\" href=\"https:\/\/frontonking.com\/en\/product\/camiseta-oversize-mujer-fronton-king-algodon-organico\/\" \/>\n<meta property=\"og:locale\" content=\"en_GB\" \/>\n<meta property=\"og:type\" content=\"article\" \/>\n<meta property=\"og:title\" content=\"FK SUNSET WOMEN OVERSIZE - Gran Canaria Fronton King\" \/>\n<meta property=\"og:description\" content=\"Camiseta oversize mujer Front\u00f3n King 100% algod\u00f3n org\u00e1nico. Corte moderno, textura premium y estilo relajado. \u00a1Aut\u00e9ntica comodidad con esp\u00edritu oce\u00e1nico!\" \/>\n<meta property=\"og:url\" content=\"https:\/\/frontonking.com\/en\/product\/camiseta-oversize-mujer-fronton-king-algodon-organico\/\" \/>\n<meta property=\"og:site_name\" content=\"Gran Canaria Fronton King\" \/>\n<meta property=\"article:modified_time\" content=\"2025-10-21T16:42:03+00:00\" \/>\n<meta property=\"og:image\" content=\"https:\/\/frontonking.com\/wp-content\/uploads\/2025\/10\/off_white-back-1-918x1024.png\" \/>\n\t<meta property=\"og:image:width\" content=\"918\" \/>\n\t<meta property=\"og:image:height\" content=\"1024\" \/>\n\t<meta property=\"og:image:type\" content=\"image\/png\" \/>\n<meta name=\"twitter:card\" content=\"summary_large_image\" \/>\n<meta name=\"twitter:label1\" content=\"Estimated reading time\" \/>\n\t<meta name=\"twitter:data1\" content=\"1 minute\" \/>\n<script type=\"application\/ld+json\" class=\"yoast-schema-graph\">{\"@context\":\"https:\\\/\\\/schema.org\",\"@graph\":[{\"@type\":\"WebPage\",\"@id\":\"https:\\\/\\\/frontonking.com\\\/producto\\\/camiseta-oversize-mujer-fronton-king-algodon-organico\\\/\",\"url\":\"https:\\\/\\\/frontonking.com\\\/producto\\\/camiseta-oversize-mujer-fronton-king-algodon-organico\\\/\",\"name\":\"FK SUNSET WOMEN OVERSIZE - Gran Canaria Fronton King\",\"isPartOf\":{\"@id\":\"https:\\\/\\\/frontonking.com\\\/#website\"},\"primaryImageOfPage\":{\"@id\":\"https:\\\/\\\/frontonking.com\\\/producto\\\/camiseta-oversize-mujer-fronton-king-algodon-organico\\\/#primaryimage\"},\"image\":{\"@id\":\"https:\\\/\\\/frontonking.com\\\/producto\\\/camiseta-oversize-mujer-fronton-king-algodon-organico\\\/#primaryimage\"},\"thumbnailUrl\":\"https:\\\/\\\/frontonking.com\\\/wp-content\\\/uploads\\\/2025\\\/10\\\/off_white-back-1-scaled.png\",\"datePublished\":\"2025-10-21T12:51:24+00:00\",\"dateModified\":\"2025-10-21T16:42:03+00:00\",\"description\":\"Camiseta oversize mujer Front\u00f3n King 100% algod\u00f3n org\u00e1nico. Corte moderno, textura premium y estilo relajado. \u00a1Aut\u00e9ntica comodidad con esp\u00edritu oce\u00e1nico!\",\"breadcrumb\":{\"@id\":\"https:\\\/\\\/frontonking.com\\\/producto\\\/camiseta-oversize-mujer-fronton-king-algodon-organico\\\/#breadcrumb\"},\"inLanguage\":\"en-GB\",\"potentialAction\":[{\"@type\":\"ReadAction\",\"target\":[\"https:\\\/\\\/frontonking.com\\\/producto\\\/camiseta-oversize-mujer-fronton-king-algodon-organico\\\/\"]}]},{\"@type\":\"ImageObject\",\"inLanguage\":\"en-GB\",\"@id\":\"https:\\\/\\\/frontonking.com\\\/producto\\\/camiseta-oversize-mujer-fronton-king-algodon-organico\\\/#primaryimage\",\"url\":\"https:\\\/\\\/frontonking.com\\\/wp-content\\\/uploads\\\/2025\\\/10\\\/off_white-back-1-scaled.png\",\"contentUrl\":\"https:\\\/\\\/frontonking.com\\\/wp-content\\\/uploads\\\/2025\\\/10\\\/off_white-back-1-scaled.png\",\"width\":2295,\"height\":2560},{\"@type\":\"BreadcrumbList\",\"@id\":\"https:\\\/\\\/frontonking.com\\\/producto\\\/camiseta-oversize-mujer-fronton-king-algodon-organico\\\/#breadcrumb\",\"itemListElement\":[{\"@type\":\"ListItem\",\"position\":1,\"name\":\"Portada\",\"item\":\"https:\\\/\\\/frontonking.com\\\/\"},{\"@type\":\"ListItem\",\"position\":2,\"name\":\"SHOP\",\"item\":\"https:\\\/\\\/frontonking.com\\\/shop\\\/\"},{\"@type\":\"ListItem\",\"position\":3,\"name\":\"FK SUNSET WOMEN OVERSIZE\"}]},{\"@type\":\"WebSite\",\"@id\":\"https:\\\/\\\/frontonking.com\\\/#website\",\"url\":\"https:\\\/\\\/frontonking.com\\\/\",\"name\":\"Gran Canaria Fronton King\",\"description\":\"The Gran Canaria Fronton King Pro is the best bodyboarding competition in the world\",\"publisher\":{\"@id\":\"https:\\\/\\\/frontonking.com\\\/#organization\"},\"potentialAction\":[{\"@type\":\"SearchAction\",\"target\":{\"@type\":\"EntryPoint\",\"urlTemplate\":\"https:\\\/\\\/frontonking.com\\\/?s={search_term_string}\"},\"query-input\":{\"@type\":\"PropertyValueSpecification\",\"valueRequired\":true,\"valueName\":\"search_term_string\"}}],\"inLanguage\":\"en-GB\"},{\"@type\":\"Organization\",\"@id\":\"https:\\\/\\\/frontonking.com\\\/#organization\",\"name\":\"Gran Canaria Fronton King\",\"url\":\"https:\\\/\\\/frontonking.com\\\/\",\"logo\":{\"@type\":\"ImageObject\",\"inLanguage\":\"en-GB\",\"@id\":\"https:\\\/\\\/frontonking.com\\\/#\\\/schema\\\/logo\\\/image\\\/\",\"url\":\"https:\\\/\\\/frontonking.com\\\/wp-content\\\/uploads\\\/2025\\\/08\\\/cropped-LOGO25_300px.png\",\"contentUrl\":\"https:\\\/\\\/frontonking.com\\\/wp-content\\\/uploads\\\/2025\\\/08\\\/cropped-LOGO25_300px.png\",\"width\":300,\"height\":227,\"caption\":\"Gran Canaria Fronton King\"},\"image\":{\"@id\":\"https:\\\/\\\/frontonking.com\\\/#\\\/schema\\\/logo\\\/image\\\/\"}}]}<\/script>\n<!-- \/ Yoast SEO plugin. -->","yoast_head_json":{"title":"FK SUNSET WOMEN OVERSIZE - Gran Canaria Fronton King","description":"Camiseta oversize mujer Front\u00f3n King 100% algod\u00f3n org\u00e1nico. Corte moderno, textura premium y estilo relajado. \u00a1Aut\u00e9ntica comodidad con esp\u00edritu oce\u00e1nico!","robots":{"index":"index","follow":"follow","max-snippet":"max-snippet:-1","max-image-preview":"max-image-preview:large","max-video-preview":"max-video-preview:-1"},"canonical":"https:\/\/frontonking.com\/en\/product\/camiseta-oversize-mujer-fronton-king-algodon-organico\/","og_locale":"en_GB","og_type":"article","og_title":"FK SUNSET WOMEN OVERSIZE - Gran Canaria Fronton King","og_description":"Camiseta oversize mujer Front\u00f3n King 100% algod\u00f3n org\u00e1nico. Corte moderno, textura premium y estilo relajado. \u00a1Aut\u00e9ntica comodidad con esp\u00edritu oce\u00e1nico!","og_url":"https:\/\/frontonking.com\/en\/product\/camiseta-oversize-mujer-fronton-king-algodon-organico\/","og_site_name":"Gran Canaria Fronton King","article_modified_time":"2025-10-21T16:42:03+00:00","og_image":[{"width":918,"height":1024,"url":"https:\/\/frontonking.com\/wp-content\/uploads\/2025\/10\/off_white-back-1-918x1024.png","type":"image\/png"}],"twitter_card":"summary_large_image","twitter_misc":{"Estimated reading time":"1 minute"},"schema":{"@context":"https:\/\/schema.org","@graph":[{"@type":"WebPage","@id":"https:\/\/frontonking.com\/producto\/camiseta-oversize-mujer-fronton-king-algodon-organico\/","url":"https:\/\/frontonking.com\/producto\/camiseta-oversize-mujer-fronton-king-algodon-organico\/","name":"FK SUNSET WOMEN OVERSIZE - Gran Canaria Fronton King","isPartOf":{"@id":"https:\/\/frontonking.com\/#website"},"primaryImageOfPage":{"@id":"https:\/\/frontonking.com\/producto\/camiseta-oversize-mujer-fronton-king-algodon-organico\/#primaryimage"},"image":{"@id":"https:\/\/frontonking.com\/producto\/camiseta-oversize-mujer-fronton-king-algodon-organico\/#primaryimage"},"thumbnailUrl":"https:\/\/frontonking.com\/wp-content\/uploads\/2025\/10\/off_white-back-1-scaled.png","datePublished":"2025-10-21T12:51:24+00:00","dateModified":"2025-10-21T16:42:03+00:00","description":"Camiseta oversize mujer Front\u00f3n King 100% algod\u00f3n org\u00e1nico. Corte moderno, textura premium y estilo relajado. \u00a1Aut\u00e9ntica comodidad con esp\u00edritu oce\u00e1nico!","breadcrumb":{"@id":"https:\/\/frontonking.com\/producto\/camiseta-oversize-mujer-fronton-king-algodon-organico\/#breadcrumb"},"inLanguage":"en-GB","potentialAction":[{"@type":"ReadAction","target":["https:\/\/frontonking.com\/producto\/camiseta-oversize-mujer-fronton-king-algodon-organico\/"]}]},{"@type":"ImageObject","inLanguage":"en-GB","@id":"https:\/\/frontonking.com\/producto\/camiseta-oversize-mujer-fronton-king-algodon-organico\/#primaryimage","url":"https:\/\/frontonking.com\/wp-content\/uploads\/2025\/10\/off_white-back-1-scaled.png","contentUrl":"https:\/\/frontonking.com\/wp-content\/uploads\/2025\/10\/off_white-back-1-scaled.png","width":2295,"height":2560},{"@type":"BreadcrumbList","@id":"https:\/\/frontonking.com\/producto\/camiseta-oversize-mujer-fronton-king-algodon-organico\/#breadcrumb","itemListElement":[{"@type":"ListItem","position":1,"name":"Portada","item":"https:\/\/frontonking.com\/"},{"@type":"ListItem","position":2,"name":"SHOP","item":"https:\/\/frontonking.com\/shop\/"},{"@type":"ListItem","position":3,"name":"FK SUNSET WOMEN OVERSIZE"}]},{"@type":"WebSite","@id":"https:\/\/frontonking.com\/#website","url":"https:\/\/frontonking.com\/","name":"Gran Canaria Fronton King","description":"The Gran Canaria Fronton King Pro is the best bodyboarding competition in the world","publisher":{"@id":"https:\/\/frontonking.com\/#organization"},"potentialAction":[{"@type":"SearchAction","target":{"@type":"EntryPoint","urlTemplate":"https:\/\/frontonking.com\/?s={search_term_string}"},"query-input":{"@type":"PropertyValueSpecification","valueRequired":true,"valueName":"search_term_string"}}],"inLanguage":"en-GB"},{"@type":"Organization","@id":"https:\/\/frontonking.com\/#organization","name":"Gran Canaria Fronton King","url":"https:\/\/frontonking.com\/","logo":{"@type":"ImageObject","inLanguage":"en-GB","@id":"https:\/\/frontonking.com\/#\/schema\/logo\/image\/","url":"https:\/\/frontonking.com\/wp-content\/uploads\/2025\/08\/cropped-LOGO25_300px.png","contentUrl":"https:\/\/frontonking.com\/wp-content\/uploads\/2025\/08\/cropped-LOGO25_300px.png","width":300,"height":227,"caption":"Gran Canaria Fronton King"},"image":{"@id":"https:\/\/frontonking.com\/#\/schema\/logo\/image\/"}}]}},"_links":{"self":[{"href":"https:\/\/frontonking.com\/en\/wp-json\/wp\/v2\/product\/10217","targetHints":{"allow":["GET"]}}],"collection":[{"href":"https:\/\/frontonking.com\/en\/wp-json\/wp\/v2\/product"}],"about":[{"href":"https:\/\/frontonking.com\/en\/wp-json\/wp\/v2\/types\/product"}],"wp:featuredmedia":[{"embeddable":true,"href":"https:\/\/frontonking.com\/en\/wp-json\/wp\/v2\/media\/10258"}],"wp:attachment":[{"href":"https:\/\/frontonking.com\/en\/wp-json\/wp\/v2\/media?parent=10217"}],"wp:term":[{"taxonomy":"product_brand","embeddable":true,"href":"https:\/\/frontonking.com\/en\/wp-json\/wp\/v2\/product_brand?post=10217"},{"taxonomy":"product_cat","embeddable":true,"href":"https:\/\/frontonking.com\/en\/wp-json\/wp\/v2\/product_cat?post=10217"},{"taxonomy":"product_tag","embeddable":true,"href":"https:\/\/frontonking.com\/en\/wp-json\/wp\/v2\/product_tag?post=10217"}],"curies":[{"name":"wp","href":"https:\/\/api.w.org\/{rel}","templated":true}]}}